{"id":12280,"date":"2025-10-14T17:53:18","date_gmt":"2025-10-14T20:53:18","guid":{"rendered":"https:\/\/acelerandohortas.adesampa.com.br\/?page_id=12280"},"modified":"2025-10-17T11:08:00","modified_gmt":"2025-10-17T14:08:00","slug":"contato","status":"publish","type":"page","link":"https:\/\/adesampa.com.br\/acelerandohortas\/contato\/","title":{"rendered":"Contato"},"content":{"rendered":"\t\t<div data-elementor-type=\"wp-page\" data-elementor-id=\"12280\" class=\"elementor elementor-12280\">\n\t\t\t\t<div class=\"elementor-element elementor-element-7cf4992 e-con-full elementor-hidden-tablet elementor-hidden-mobile e-flex e-con e-parent\" data-id=\"7cf4992\" data-element_type=\"container\" data-e-type=\"container\" data-settings=\"{&quot;background_background&quot;:&quot;classic&quot;}\">\n\t\t\t\t<div class=\"elementor-element elementor-element-d51b1b7 elementor-widget elementor-widget-heading\" data-id=\"d51b1b7\" data-element_type=\"widget\" data-e-type=\"widget\" data-widget_type=\"heading.default\">\n\t\t\t\t\t<h2 class=\"elementor-heading-title elementor-size-default\">Contato<\/h2>\t\t\t\t<\/div>\n\t\t\t\t<\/div>\n\t\t<div class=\"elementor-element elementor-element-da93fdd e-con-full elementor-hidden-desktop e-flex e-con e-parent\" data-id=\"da93fdd\" data-element_type=\"container\" data-e-type=\"container\" data-settings=\"{&quot;background_background&quot;:&quot;classic&quot;}\">\n\t\t\t\t<div class=\"elementor-element elementor-element-7be7001 elementor-widget elementor-widget-heading\" data-id=\"7be7001\" data-element_type=\"widget\" data-e-type=\"widget\" data-widget_type=\"heading.default\">\n\t\t\t\t\t<h2 class=\"elementor-heading-title elementor-size-default\">Contato<\/h2>\t\t\t\t<\/div>\n\t\t\t\t<\/div>\n\t\t<div class=\"elementor-element elementor-element-033434f elementor-hidden-tablet elementor-hidden-mobile e-flex e-con-boxed e-con e-parent\" data-id=\"033434f\" data-element_type=\"container\" data-e-type=\"container\">\n\t\t\t\t\t<div class=\"e-con-inner\">\n\t\t\t\t<div class=\"elementor-element elementor-element-50555e5 elementor-widget elementor-widget-spacer\" data-id=\"50555e5\" data-element_type=\"widget\" data-e-type=\"widget\" data-widget_type=\"spacer.default\">\n\t\t\t\t\t\t\t<div class=\"elementor-spacer\">\n\t\t\t<div class=\"elementor-spacer-inner\"><\/div>\n\t\t<\/div>\n\t\t\t\t\t\t<\/div>\n\t\t\t\t\t<\/div>\n\t\t\t\t<\/div>\n\t\t<div class=\"elementor-element elementor-element-3c5d137 elementor-hidden-desktop e-flex e-con-boxed e-con e-parent\" data-id=\"3c5d137\" data-element_type=\"container\" data-e-type=\"container\">\n\t\t\t\t\t<div class=\"e-con-inner\">\n\t\t\t\t<div class=\"elementor-element elementor-element-57a7eef elementor-widget elementor-widget-spacer\" data-id=\"57a7eef\" data-element_type=\"widget\" data-e-type=\"widget\" data-widget_type=\"spacer.default\">\n\t\t\t\t\t\t\t<div class=\"elementor-spacer\">\n\t\t\t<div class=\"elementor-spacer-inner\"><\/div>\n\t\t<\/div>\n\t\t\t\t\t\t<\/div>\n\t\t\t\t\t<\/div>\n\t\t\t\t<\/div>\n\t\t<div class=\"elementor-element elementor-element-4778bd4 elementor-hidden-tablet elementor-hidden-mobile e-flex e-con-boxed e-con e-parent\" data-id=\"4778bd4\" data-element_type=\"container\" data-e-type=\"container\">\n\t\t\t\t\t<div class=\"e-con-inner\">\n\t\t<div class=\"elementor-element elementor-element-3c67925 e-con-full e-flex e-con e-child\" data-id=\"3c67925\" data-element_type=\"container\" data-e-type=\"container\">\n\t\t\t\t<div class=\"elementor-element elementor-element-b31e363 elementor-widget__width-initial elementor-widget elementor-widget-heading\" data-id=\"b31e363\" data-element_type=\"widget\" data-e-type=\"widget\" data-widget_type=\"heading.default\">\n\t\t\t\t\t<h2 class=\"elementor-heading-title elementor-size-default\">Tem alguma d\u00favida ou sugest\u00e3o?<\/h2>\t\t\t\t<\/div>\n\t\t\t\t<div class=\"elementor-element elementor-element-cd0e084 elementor-widget__width-initial elementor-widget elementor-widget-text-editor\" data-id=\"cd0e084\" data-element_type=\"widget\" data-e-type=\"widget\" data-widget_type=\"text-editor.default\">\n\t\t\t\t\t\t\t\t\t<p><span style=\"font-weight: 400;\">Se precisar de informa\u00e7\u00f5es sobre o programa, inscri\u00e7\u00e3o ou etapas do Sampa+Rural: Acelerando Hortas, mande um e-mail para:<\/span><\/p><p><b>hortasurbanas@adesampa.com.br\u2028<\/b><\/p><p><span style=\"font-weight: 400;\">N\u00f3s iremos te ajudar!<\/span><\/p>\t\t\t\t\t\t\t\t<\/div>\n\t\t\t\t<\/div>\n\t\t<div class=\"elementor-element elementor-element-0c1660e e-con-full e-flex e-con e-child\" data-id=\"0c1660e\" data-element_type=\"container\" data-e-type=\"container\">\n\t\t\t\t<div class=\"elementor-element elementor-element-7d36026 elementor-widget elementor-widget-image\" data-id=\"7d36026\" data-element_type=\"widget\" data-e-type=\"widget\" data-widget_type=\"image.default\">\n\t\t\t\t\t\t\t\t\t\t\t\t\t\t\t<img fetchpriority=\"high\" decoding=\"async\" width=\"1094\" height=\"1012\" src=\"https:\/\/adesampa.com.br\/acelerandohortas\/wp-content\/uploads\/2025\/10\/2-\u2013-Contato.png\" class=\"attachment-full size-full wp-image-12282\" alt=\"\" srcset=\"https:\/\/adesampa.com.br\/acelerandohortas\/wp-content\/uploads\/2025\/10\/2-\u2013-Contato.png 1094w, https:\/\/adesampa.com.br\/acelerandohortas\/wp-content\/uploads\/2025\/10\/2-\u2013-Contato-300x278.png 300w, https:\/\/adesampa.com.br\/acelerandohortas\/wp-content\/uploads\/2025\/10\/2-\u2013-Contato-1024x947.png 1024w, https:\/\/adesampa.com.br\/acelerandohortas\/wp-content\/uploads\/2025\/10\/2-\u2013-Contato-768x710.png 768w\" sizes=\"(max-width: 1094px) 100vw, 1094px\" \/>\t\t\t\t\t\t\t\t\t\t\t\t\t\t\t<\/div>\n\t\t\t\t<\/div>\n\t\t\t\t\t<\/div>\n\t\t\t\t<\/div>\n\t\t<div class=\"elementor-element elementor-element-da9e5aa elementor-hidden-desktop e-flex e-con-boxed e-con e-parent\" data-id=\"da9e5aa\" data-element_type=\"container\" data-e-type=\"container\">\n\t\t\t\t\t<div class=\"e-con-inner\">\n\t\t<div class=\"elementor-element elementor-element-0f3ba7f e-con-full e-flex e-con e-child\" data-id=\"0f3ba7f\" data-element_type=\"container\" data-e-type=\"container\">\n\t\t\t\t<div class=\"elementor-element elementor-element-7dca895 elementor-widget__width-initial elementor-widget elementor-widget-heading\" data-id=\"7dca895\" data-element_type=\"widget\" data-e-type=\"widget\" data-widget_type=\"heading.default\">\n\t\t\t\t\t<h2 class=\"elementor-heading-title elementor-size-default\">Tem alguma d\u00favida ou sugest\u00e3o?<\/h2>\t\t\t\t<\/div>\n\t\t\t\t<div class=\"elementor-element elementor-element-8e8e6bf elementor-widget__width-initial elementor-widget elementor-widget-text-editor\" data-id=\"8e8e6bf\" data-element_type=\"widget\" data-e-type=\"widget\" data-widget_type=\"text-editor.default\">\n\t\t\t\t\t\t\t\t\t<p><span style=\"font-weight: 400;\">Se precisar de informa\u00e7\u00f5es sobre o programa, inscri\u00e7\u00e3o ou etapas do Sampa+Rural: Acelerando Hortas, mande um e-mail para:<\/span><\/p><p><b>hortasurbanas@adesampa.com.br\u2028<\/b><\/p><p><span style=\"font-weight: 400;\">N\u00f3s iremos te ajudar!<\/span><\/p>\t\t\t\t\t\t\t\t<\/div>\n\t\t\t\t<\/div>\n\t\t\t\t\t<\/div>\n\t\t\t\t<\/div>\n\t\t\t\t<\/div>\n\t\t","protected":false},"excerpt":{"rendered":"<p>Contato Contato Tem alguma d\u00favida ou sugest\u00e3o? Se precisar de&hellip;<\/p>\n<p> <a class=\"more-link\" href=\"https:\/\/adesampa.com.br\/acelerandohortas\/contato\/\">Leia mais<\/a><\/p>\n","protected":false},"author":2,"featured_media":0,"parent":0,"menu_order":0,"comment_status":"closed","ping_status":"closed","template":"elementor_header_footer","meta":{"footnotes":""},"class_list":["post-12280","page","type-page","status-publish"],"_links":{"self":[{"href":"https:\/\/adesampa.com.br\/acelerandohortas\/wp-json\/wp\/v2\/pages\/12280","targetHints":{"allow":["GET"]}}],"collection":[{"href":"https:\/\/adesampa.com.br\/acelerandohortas\/wp-json\/wp\/v2\/pages"}],"about":[{"href":"https:\/\/adesampa.com.br\/acelerandohortas\/wp-json\/wp\/v2\/types\/page"}],"author":[{"embeddable":true,"href":"https:\/\/adesampa.com.br\/acelerandohortas\/wp-json\/wp\/v2\/users\/2"}],"replies":[{"embeddable":true,"href":"https:\/\/adesampa.com.br\/acelerandohortas\/wp-json\/wp\/v2\/comments?post=12280"}],"version-history":[{"count":0,"href":"https:\/\/adesampa.com.br\/acelerandohortas\/wp-json\/wp\/v2\/pages\/12280\/revisions"}],"wp:attachment":[{"href":"https:\/\/adesampa.com.br\/acelerandohortas\/wp-json\/wp\/v2\/media?parent=12280"}],"curies":[{"name":"wp","href":"https:\/\/api.w.org\/{rel}","templated":true}]}}