{"id":12149,"date":"2021-03-19T17:10:20","date_gmt":"2021-03-19T20:10:20","guid":{"rendered":"http:\/\/adesampa.com.br\/vaitec6\/?page_id=12149"},"modified":"2021-03-19T17:15:29","modified_gmt":"2021-03-19T20:15:29","slug":"documentos","status":"publish","type":"page","link":"http:\/\/adesampa.com.br\/vaitec6\/documentos\/","title":{"rendered":"Documentos"},"content":{"rendered":"\t\t<div data-elementor-type=\"wp-page\" data-elementor-id=\"12149\" class=\"elementor elementor-12149\">\n\t\t\t\t\t\t<section class=\"elementor-section elementor-top-section elementor-element elementor-element-42c1c1e elementor-section-boxed elementor-section-height-default elementor-section-height-default\" data-id=\"42c1c1e\" data-element_type=\"section\">\n\t\t\t\t\t\t<div class=\"elementor-container elementor-column-gap-default\">\n\t\t\t\t\t<div class=\"elementor-column elementor-col-100 elementor-top-column elementor-element elementor-element-b07af75\" data-id=\"b07af75\" data-element_type=\"column\">\n\t\t\t<div class=\"elementor-widget-wrap elementor-element-populated\">\n\t\t\t\t\t\t<div class=\"elementor-element elementor-element-a5fc7ca elementor-widget elementor-widget-text-editor\" data-id=\"a5fc7ca\" data-element_type=\"widget\" data-widget_type=\"text-editor.default\">\n\t\t\t\t<div class=\"elementor-widget-container\">\n\t\t\t\t\t\t\t<p>Modelo de or\u00e7amento: <strong><span style=\"color: #0000ff;\"><a style=\"color: #0000ff;\" href=\"http:\/\/adesampa.com.br\/vaitec6\/wp-content\/uploads\/2021\/03\/MODELO-DE-ORCAMENTO.xlsx\">Clique aqui<\/a><\/span><\/strong><\/p><p>Formul\u00e1rio de Projeto &#8211; Inscri\u00e7\u00e3o: <a href=\"http:\/\/adesampa.com.br\/vaitec6\/wp-content\/uploads\/2021\/03\/Formulario-de-Projeto-Inscricao-VAI-TEC-6.docx\"><span style=\"color: #0000ff;\"><strong>Clique aqui<\/strong><\/span><\/a><\/p>\t\t\t\t\t\t<\/div>\n\t\t\t\t<\/div>\n\t\t\t\t<div class=\"elementor-element elementor-element-5993045 elementor-widget elementor-widget-spacer\" data-id=\"5993045\" data-element_type=\"widget\" data-widget_type=\"spacer.default\">\n\t\t\t\t<div class=\"elementor-widget-container\">\n\t\t\t\t\t<div class=\"elementor-spacer\">\n\t\t\t<div class=\"elementor-spacer-inner\"><\/div>\n\t\t<\/div>\n\t\t\t\t<\/div>\n\t\t\t\t<\/div>\n\t\t\t\t\t<\/div>\n\t\t<\/div>\n\t\t\t\t\t<\/div>\n\t\t<\/section>\n\t\t\t\t<\/div>\n\t\t","protected":false},"excerpt":{"rendered":"<p>Modelo de or\u00e7amento: Clique aqui Formul\u00e1rio de Projeto &#8211; Inscri\u00e7\u00e3o:&hellip;<\/p>\n<p> <a class=\"more-link\" href=\"http:\/\/adesampa.com.br\/vaitec6\/documentos\/\">Read more<\/a><\/p>\n","protected":false},"author":1,"featured_media":0,"parent":0,"menu_order":0,"comment_status":"closed","ping_status":"closed","template":"","meta":{"footnotes":""},"class_list":["post-12149","page","type-page","status-publish"],"_links":{"self":[{"href":"http:\/\/adesampa.com.br\/vaitec6\/wp-json\/wp\/v2\/pages\/12149"}],"collection":[{"href":"http:\/\/adesampa.com.br\/vaitec6\/wp-json\/wp\/v2\/pages"}],"about":[{"href":"http:\/\/adesampa.com.br\/vaitec6\/wp-json\/wp\/v2\/types\/page"}],"author":[{"embeddable":true,"href":"http:\/\/adesampa.com.br\/vaitec6\/wp-json\/wp\/v2\/users\/1"}],"replies":[{"embeddable":true,"href":"http:\/\/adesampa.com.br\/vaitec6\/wp-json\/wp\/v2\/comments?post=12149"}],"version-history":[{"count":10,"href":"http:\/\/adesampa.com.br\/vaitec6\/wp-json\/wp\/v2\/pages\/12149\/revisions"}],"predecessor-version":[{"id":12161,"href":"http:\/\/adesampa.com.br\/vaitec6\/wp-json\/wp\/v2\/pages\/12149\/revisions\/12161"}],"wp:attachment":[{"href":"http:\/\/adesampa.com.br\/vaitec6\/wp-json\/wp\/v2\/media?parent=12149"}],"curies":[{"name":"wp","href":"https:\/\/api.w.org\/{rel}","templated":true}]}}