{"id":8754,"date":"2016-03-14T14:33:38","date_gmt":"2016-03-14T14:33:38","guid":{"rendered":"http:\/\/brooklyn.fatmoon.kinsta.com\/?page_id=2"},"modified":"2020-08-17T13:59:01","modified_gmt":"2020-08-17T16:59:01","slug":"home","status":"publish","type":"page","link":"http:\/\/adesampa.com.br\/solucoescorona\/","title":{"rendered":"Home"},"content":{"rendered":"\t\t<div data-elementor-type=\"wp-post\" data-elementor-id=\"8754\" class=\"elementor elementor-8754\">\n\t\t\t\t\t\t<section class=\"elementor-section elementor-top-section elementor-element elementor-element-885a20b elementor-section-full_width elementor-section-height-default elementor-section-height-default\" data-id=\"885a20b\" data-element_type=\"section\">\n\t\t\t\t\t\t<div class=\"elementor-container elementor-column-gap-default\">\n\t\t\t\t\t<div class=\"elementor-column elementor-col-100 elementor-top-column elementor-element elementor-element-7c9bbdf\" data-id=\"7c9bbdf\" data-element_type=\"column\">\n\t\t\t<div class=\"elementor-widget-wrap elementor-element-populated\">\n\t\t\t\t\t\t<div class=\"elementor-element elementor-element-2241e9a elementor-invisible elementor-widget elementor-widget-image\" data-id=\"2241e9a\" data-element_type=\"widget\" data-settings=\"{&quot;_animation&quot;:&quot;fadeIn&quot;}\" data-widget_type=\"image.default\">\n\t\t\t\t<div class=\"elementor-widget-container\">\n\t\t\t\t\t\t\t\t\t\t\t\t\t<img fetchpriority=\"high\" decoding=\"async\" width=\"1366\" height=\"848\" src=\"http:\/\/adesampa.com.br\/solucoescorona\/wp-content\/uploads\/2020\/08\/SolucoesCorottiev.png\" class=\"attachment-full size-full wp-image-12006\" alt=\"\" srcset=\"http:\/\/adesampa.com.br\/solucoescorona\/wp-content\/uploads\/2020\/08\/SolucoesCorottiev.png 1366w, http:\/\/adesampa.com.br\/solucoescorona\/wp-content\/uploads\/2020\/08\/SolucoesCorottiev-300x186.png 300w, http:\/\/adesampa.com.br\/solucoescorona\/wp-content\/uploads\/2020\/08\/SolucoesCorottiev-1024x636.png 1024w, http:\/\/adesampa.com.br\/solucoescorona\/wp-content\/uploads\/2020\/08\/SolucoesCorottiev-768x477.png 768w\" sizes=\"(max-width: 1366px) 100vw, 1366px\" \/>\t\t\t\t\t\t\t\t\t\t\t\t\t<\/div>\n\t\t\t\t<\/div>\n\t\t\t\t<div class=\"elementor-element elementor-element-85b7f4f elementor-widget elementor-widget-text-editor\" data-id=\"85b7f4f\" data-element_type=\"widget\" data-widget_type=\"text-editor.default\">\n\t\t\t\t<div class=\"elementor-widget-container\">\n\t\t\t\t\t\t\t<p><strong>COMUNICADO<\/strong><br \/>Considerando a alta demanda de questionamentos referente ao envio de documentos para a efetiva\u00e7\u00e3o das inscri\u00e7\u00f5es, e para que se d\u00ea a ampla publicidade necess\u00e1ria, informamos que as propostas devem ser enviadas junto com os documentos constantes na cl\u00e1usula 7.3 do edital 013\/2020.<br \/>Os documentos solicitados na referida cl\u00e1usula devem ser enviados atrav\u00e9s do e-mail: covid19@adesampa.com.br<\/p>\t\t\t\t\t\t<\/div>\n\t\t\t\t<\/div>\n\t\t\t\t<div class=\"elementor-element elementor-element-e9f4379 elementor-button-danger elementor-align-center elementor-widget elementor-widget-button\" data-id=\"e9f4379\" data-element_type=\"widget\" data-widget_type=\"button.default\">\n\t\t\t\t<div class=\"elementor-widget-container\">\n\t\t\t\t\t\t\t<div class=\"elementor-button-wrapper\">\n\t\t\t\t\t<a class=\"elementor-button elementor-button-link elementor-size-lg\" href=\"http:\/\/adesampa.com.br\/index.php\/edital-132020-concurso\/\">\n\t\t\t\t\t\t<span class=\"elementor-button-content-wrapper\">\n\t\t\t\t\t\t\t\t\t<span class=\"elementor-button-text\">Resultado<\/span>\n\t\t\t\t\t<\/span>\n\t\t\t\t\t<\/a>\n\t\t\t\t<\/div>\n\t\t\t\t\t\t<\/div>\n\t\t\t\t<\/div>\n\t\t\t\t<div class=\"elementor-element elementor-element-7342914 elementor-widget elementor-widget-spacer\" data-id=\"7342914\" data-element_type=\"widget\" data-widget_type=\"spacer.default\">\n\t\t\t\t<div class=\"elementor-widget-container\">\n\t\t\t\t\t<div class=\"elementor-spacer\">\n\t\t\t<div class=\"elementor-spacer-inner\"><\/div>\n\t\t<\/div>\n\t\t\t\t<\/div>\n\t\t\t\t<\/div>\n\t\t\t\t\t<\/div>\n\t\t<\/div>\n\t\t\t\t\t<\/div>\n\t\t<\/section>\n\t\t\t\t<section class=\"elementor-section elementor-top-section elementor-element elementor-element-db614c0 elementor-section-boxed elementor-section-height-default elementor-section-height-default\" data-id=\"db614c0\" data-element_type=\"section\">\n\t\t\t\t\t\t<div class=\"elementor-container elementor-column-gap-default\">\n\t\t\t\t\t<div class=\"elementor-column elementor-col-100 elementor-top-column elementor-element elementor-element-573dcfb\" data-id=\"573dcfb\" data-element_type=\"column\">\n\t\t\t<div class=\"elementor-widget-wrap elementor-element-populated\">\n\t\t\t\t\t\t<div class=\"elementor-element elementor-element-0ebe2a1 elementor-widget elementor-widget-heading\" data-id=\"0ebe2a1\" data-element_type=\"widget\" data-widget_type=\"heading.default\">\n\t\t\t\t<div class=\"elementor-widget-container\">\n\t\t\t<h2 class=\"elementor-heading-title elementor-size-default\">PREMIA\u00c7\u00c3O<\/h2>\t\t<\/div>\n\t\t\t\t<\/div>\n\t\t\t\t\t<\/div>\n\t\t<\/div>\n\t\t\t\t\t<\/div>\n\t\t<\/section>\n\t\t\t\t<section class=\"elementor-section elementor-top-section elementor-element elementor-element-d2699d2 elementor-section-boxed elementor-section-height-default elementor-section-height-default elementor-invisible\" data-id=\"d2699d2\" data-element_type=\"section\" data-settings=\"{&quot;animation&quot;:&quot;fadeInUp&quot;}\">\n\t\t\t\t\t\t<div class=\"elementor-container elementor-column-gap-default\">\n\t\t\t\t\t<div class=\"elementor-column elementor-col-33 elementor-top-column elementor-element elementor-element-a961abb\" data-id=\"a961abb\" data-element_type=\"column\">\n\t\t\t<div class=\"elementor-widget-wrap elementor-element-populated\">\n\t\t\t\t\t\t<div class=\"elementor-element elementor-element-91cfb36 elementor-widget elementor-widget-image\" data-id=\"91cfb36\" data-element_type=\"widget\" data-widget_type=\"image.default\">\n\t\t\t\t<div class=\"elementor-widget-container\">\n\t\t\t\t\t\t\t\t\t\t\t\t\t<img decoding=\"async\" src=\"http:\/\/adesampa.com.br\/solucoescorona\/wp-content\/uploads\/elementor\/thumbs\/02-on5bh1w8d6kttb8mgt9yaobdj9ny1sxhho5t970s7k.png\" title=\"02\" alt=\"02\" loading=\"lazy\" \/>\t\t\t\t\t\t\t\t\t\t\t\t\t<\/div>\n\t\t\t\t<\/div>\n\t\t\t\t<div class=\"elementor-element elementor-element-5ab9cc0 elementor-widget elementor-widget-text-editor\" data-id=\"5ab9cc0\" data-element_type=\"widget\" data-widget_type=\"text-editor.default\">\n\t\t\t\t<div class=\"elementor-widget-container\">\n\t\t\t\t\t\t\t<h2 style=\"text-align: center;\"><strong>R$ 100.000,00<\/strong><\/h2>\t\t\t\t\t\t<\/div>\n\t\t\t\t<\/div>\n\t\t\t\t<div class=\"elementor-element elementor-element-64f48c5 elementor-widget elementor-widget-text-editor\" data-id=\"64f48c5\" data-element_type=\"widget\" data-widget_type=\"text-editor.default\">\n\t\t\t\t<div class=\"elementor-widget-container\">\n\t\t\t\t\t\t\t<p>Esta edi\u00e7\u00e3o contar\u00e1 com uma bolsa de R$ 100.000,00 para apoiar o desenvolvimento dos neg\u00f3cios<\/p>\t\t\t\t\t\t<\/div>\n\t\t\t\t<\/div>\n\t\t\t\t\t<\/div>\n\t\t<\/div>\n\t\t\t\t<div class=\"elementor-column elementor-col-33 elementor-top-column elementor-element elementor-element-38c06e8\" data-id=\"38c06e8\" data-element_type=\"column\">\n\t\t\t<div class=\"elementor-widget-wrap elementor-element-populated\">\n\t\t\t\t\t\t<div class=\"elementor-element elementor-element-d8a8d06 elementor-widget elementor-widget-image\" data-id=\"d8a8d06\" data-element_type=\"widget\" data-widget_type=\"image.default\">\n\t\t\t\t<div class=\"elementor-widget-container\">\n\t\t\t\t\t\t\t\t\t\t\t\t\t<img decoding=\"async\" src=\"http:\/\/adesampa.com.br\/solucoescorona\/wp-content\/uploads\/elementor\/thumbs\/Castanha-on5f89ydk5ou1sthurisi1vm1t5we8rceythp8iv2o.png\" title=\"Castanha\" alt=\"Castanha\" loading=\"lazy\" \/>\t\t\t\t\t\t\t\t\t\t\t\t\t<\/div>\n\t\t\t\t<\/div>\n\t\t\t\t<div class=\"elementor-element elementor-element-f07d0a5 elementor-widget elementor-widget-text-editor\" data-id=\"f07d0a5\" data-element_type=\"widget\" data-widget_type=\"text-editor.default\">\n\t\t\t\t<div class=\"elementor-widget-container\">\n\t\t\t\t\t\t\t<h2 style=\"text-align: center;\"><strong>Mentorias<\/strong><\/h2>\t\t\t\t\t\t<\/div>\n\t\t\t\t<\/div>\n\t\t\t\t<div class=\"elementor-element elementor-element-1428b75 elementor-widget elementor-widget-text-editor\" data-id=\"1428b75\" data-element_type=\"widget\" data-widget_type=\"text-editor.default\">\n\t\t\t\t<div class=\"elementor-widget-container\">\n\t\t\t\t\t\t\t<p dir=\"ltr\">Os empreendedores contar\u00e3o com mentorias, em plataforma remota, e assessorias individuais para acompanhamento e cria\u00e7\u00e3o de estrat\u00e9gias dos neg\u00f3cios<\/p>\t\t\t\t\t\t<\/div>\n\t\t\t\t<\/div>\n\t\t\t\t\t<\/div>\n\t\t<\/div>\n\t\t\t\t<div class=\"elementor-column elementor-col-33 elementor-top-column elementor-element elementor-element-5dce7d9\" data-id=\"5dce7d9\" data-element_type=\"column\">\n\t\t\t<div class=\"elementor-widget-wrap elementor-element-populated\">\n\t\t\t\t\t\t<div class=\"elementor-element elementor-element-873df59 elementor-widget elementor-widget-image\" data-id=\"873df59\" data-element_type=\"widget\" data-widget_type=\"image.default\">\n\t\t\t\t<div class=\"elementor-widget-container\">\n\t\t\t\t\t\t\t\t\t\t\t\t\t<img decoding=\"async\" src=\"http:\/\/adesampa.com.br\/solucoescorona\/wp-content\/uploads\/elementor\/thumbs\/03-on5bhe44u11k08qvhgk3p38d99zptv9zvcn4hsinyo.png\" title=\"03\" alt=\"03\" loading=\"lazy\" \/>\t\t\t\t\t\t\t\t\t\t\t\t\t<\/div>\n\t\t\t\t<\/div>\n\t\t\t\t<div class=\"elementor-element elementor-element-f3416ab elementor-widget elementor-widget-text-editor\" data-id=\"f3416ab\" data-element_type=\"widget\" data-widget_type=\"text-editor.default\">\n\t\t\t\t<div class=\"elementor-widget-container\">\n\t\t\t\t\t\t\t<h2 style=\"text-align: center;\"><strong>Acesso a rede\u00a0<\/strong><\/h2>\t\t\t\t\t\t<\/div>\n\t\t\t\t<\/div>\n\t\t\t\t<div class=\"elementor-element elementor-element-ccb20d7 elementor-widget elementor-widget-text-editor\" data-id=\"ccb20d7\" data-element_type=\"widget\" data-widget_type=\"text-editor.default\">\n\t\t\t\t<div class=\"elementor-widget-container\">\n\t\t\t\t\t\t\t<p dir=\"ltr\">Conhecer outros empreendedores e fazer contatos \u00e9 essencial, por isso o programa realiza e estimula conex\u00f5es entre os neg\u00f3cios do ecossistema empreendedor da cidade<\/p><p>\u00a0<\/p>\t\t\t\t\t\t<\/div>\n\t\t\t\t<\/div>\n\t\t\t\t\t<\/div>\n\t\t<\/div>\n\t\t\t\t\t<\/div>\n\t\t<\/section>\n\t\t\t\t<section class=\"elementor-section elementor-top-section elementor-element elementor-element-0c0040a elementor-section-boxed elementor-section-height-default elementor-section-height-default elementor-invisible\" data-id=\"0c0040a\" data-element_type=\"section\" data-settings=\"{&quot;animation&quot;:&quot;fadeInUp&quot;}\">\n\t\t\t\t\t\t<div class=\"elementor-container elementor-column-gap-default\">\n\t\t\t\t\t<div class=\"elementor-column elementor-col-100 elementor-top-column elementor-element elementor-element-5e16230\" data-id=\"5e16230\" data-element_type=\"column\">\n\t\t\t<div class=\"elementor-widget-wrap elementor-element-populated\">\n\t\t\t\t\t\t<div class=\"elementor-element elementor-element-506b026 elementor-widget elementor-widget-spacer\" data-id=\"506b026\" data-element_type=\"widget\" data-widget_type=\"spacer.default\">\n\t\t\t\t<div class=\"elementor-widget-container\">\n\t\t\t\t\t<div class=\"elementor-spacer\">\n\t\t\t<div class=\"elementor-spacer-inner\"><\/div>\n\t\t<\/div>\n\t\t\t\t<\/div>\n\t\t\t\t<\/div>\n\t\t\t\t<div class=\"elementor-element elementor-element-0ce7553 elementor-widget elementor-widget-image\" data-id=\"0ce7553\" data-element_type=\"widget\" data-widget_type=\"image.default\">\n\t\t\t\t<div class=\"elementor-widget-container\">\n\t\t\t\t\t\t\t\t\t\t\t\t\t<img decoding=\"async\" width=\"800\" height=\"468\" src=\"http:\/\/adesampa.com.br\/solucoescorona\/wp-content\/uploads\/2020\/03\/Projeto-1024x599.jpg\" class=\"attachment-large size-large wp-image-11636\" alt=\"\" srcset=\"http:\/\/adesampa.com.br\/solucoescorona\/wp-content\/uploads\/2020\/03\/Projeto-1024x599.jpg 1024w, http:\/\/adesampa.com.br\/solucoescorona\/wp-content\/uploads\/2020\/03\/Projeto-300x175.jpg 300w, http:\/\/adesampa.com.br\/solucoescorona\/wp-content\/uploads\/2020\/03\/Projeto-768x449.jpg 768w, http:\/\/adesampa.com.br\/solucoescorona\/wp-content\/uploads\/2020\/03\/Projeto.jpg 1366w\" sizes=\"(max-width: 800px) 100vw, 800px\" \/>\t\t\t\t\t\t\t\t\t\t\t\t\t<\/div>\n\t\t\t\t<\/div>\n\t\t\t\t\t<\/div>\n\t\t<\/div>\n\t\t\t\t\t<\/div>\n\t\t<\/section>\n\t\t\t\t<section class=\"elementor-section elementor-top-section elementor-element elementor-element-099c637 elementor-section-boxed elementor-section-height-default elementor-section-height-default\" data-id=\"099c637\" data-element_type=\"section\">\n\t\t\t\t\t\t<div class=\"elementor-container elementor-column-gap-default\">\n\t\t\t\t\t<div class=\"elementor-column elementor-col-100 elementor-top-column elementor-element elementor-element-711c1bb\" data-id=\"711c1bb\" data-element_type=\"column\">\n\t\t\t<div class=\"elementor-widget-wrap elementor-element-populated\">\n\t\t\t\t\t\t<div class=\"elementor-element elementor-element-5eff2a4 elementor-widget elementor-widget-heading\" data-id=\"5eff2a4\" data-element_type=\"widget\" data-widget_type=\"heading.default\">\n\t\t\t\t<div class=\"elementor-widget-container\">\n\t\t\t<h2 class=\"elementor-heading-title elementor-size-default\">SELE\u00c7\u00c3O<\/h2>\t\t<\/div>\n\t\t\t\t<\/div>\n\t\t\t\t\t<\/div>\n\t\t<\/div>\n\t\t\t\t\t<\/div>\n\t\t<\/section>\n\t\t\t\t<section class=\"elementor-section elementor-top-section elementor-element elementor-element-f75a274 elementor-section-boxed elementor-section-height-default elementor-section-height-default elementor-invisible\" data-id=\"f75a274\" data-element_type=\"section\" data-settings=\"{&quot;animation&quot;:&quot;fadeInUp&quot;}\">\n\t\t\t\t\t\t<div class=\"elementor-container elementor-column-gap-default\">\n\t\t\t\t\t<div class=\"elementor-column elementor-col-50 elementor-top-column elementor-element elementor-element-9f7d97c\" data-id=\"9f7d97c\" data-element_type=\"column\">\n\t\t\t<div class=\"elementor-widget-wrap elementor-element-populated\">\n\t\t\t\t\t\t<div class=\"elementor-element elementor-element-bd467ec elementor-widget elementor-widget-image\" data-id=\"bd467ec\" data-element_type=\"widget\" data-widget_type=\"image.default\">\n\t\t\t\t<div class=\"elementor-widget-container\">\n\t\t\t\t\t\t\t\t\t\t\t\t\t<img decoding=\"async\" width=\"800\" height=\"298\" src=\"http:\/\/adesampa.com.br\/solucoescorona\/wp-content\/uploads\/2020\/03\/Negocio-1-1024x381.jpg\" class=\"attachment-large size-large wp-image-11640\" alt=\"\" srcset=\"http:\/\/adesampa.com.br\/solucoescorona\/wp-content\/uploads\/2020\/03\/Negocio-1-1024x381.jpg 1024w, http:\/\/adesampa.com.br\/solucoescorona\/wp-content\/uploads\/2020\/03\/Negocio-1-300x112.jpg 300w, http:\/\/adesampa.com.br\/solucoescorona\/wp-content\/uploads\/2020\/03\/Negocio-1-768x286.jpg 768w, http:\/\/adesampa.com.br\/solucoescorona\/wp-content\/uploads\/2020\/03\/Negocio-1-1536x572.jpg 1536w, http:\/\/adesampa.com.br\/solucoescorona\/wp-content\/uploads\/2020\/03\/Negocio-1-2048x762.jpg 2048w\" sizes=\"(max-width: 800px) 100vw, 800px\" \/>\t\t\t\t\t\t\t\t\t\t\t\t\t<\/div>\n\t\t\t\t<\/div>\n\t\t\t\t<div class=\"elementor-element elementor-element-8324834 elementor-widget elementor-widget-image\" data-id=\"8324834\" data-element_type=\"widget\" data-widget_type=\"image.default\">\n\t\t\t\t<div class=\"elementor-widget-container\">\n\t\t\t\t\t\t\t\t\t\t\t\t\t<img loading=\"lazy\" decoding=\"async\" width=\"1\" height=\"1\" src=\"http:\/\/adesampa.com.br\/solucoescorona\/wp-content\/uploads\/2020\/03\/Inovac?a?o-1.jpg\" class=\"attachment-large size-large wp-image-11638\" alt=\"\" \/>\t\t\t\t\t\t\t\t\t\t\t\t\t<\/div>\n\t\t\t\t<\/div>\n\t\t\t\t\t<\/div>\n\t\t<\/div>\n\t\t\t\t<div class=\"elementor-column elementor-col-50 elementor-top-column elementor-element elementor-element-bbd5cba\" data-id=\"bbd5cba\" data-element_type=\"column\">\n\t\t\t<div class=\"elementor-widget-wrap elementor-element-populated\">\n\t\t\t\t\t\t<div class=\"elementor-element elementor-element-f0eb5c5 elementor-widget elementor-widget-image\" data-id=\"f0eb5c5\" data-element_type=\"widget\" data-widget_type=\"image.default\">\n\t\t\t\t<div class=\"elementor-widget-container\">\n\t\t\t\t\t\t\t\t\t\t\t\t\t<img loading=\"lazy\" decoding=\"async\" width=\"800\" height=\"298\" src=\"http:\/\/adesampa.com.br\/solucoescorona\/wp-content\/uploads\/2020\/03\/Equipe-1-1024x381.jpg\" class=\"attachment-large size-large wp-image-11639\" alt=\"\" srcset=\"http:\/\/adesampa.com.br\/solucoescorona\/wp-content\/uploads\/2020\/03\/Equipe-1-1024x381.jpg 1024w, http:\/\/adesampa.com.br\/solucoescorona\/wp-content\/uploads\/2020\/03\/Equipe-1-300x112.jpg 300w, http:\/\/adesampa.com.br\/solucoescorona\/wp-content\/uploads\/2020\/03\/Equipe-1-768x286.jpg 768w, http:\/\/adesampa.com.br\/solucoescorona\/wp-content\/uploads\/2020\/03\/Equipe-1-1536x571.jpg 1536w, http:\/\/adesampa.com.br\/solucoescorona\/wp-content\/uploads\/2020\/03\/Equipe-1-2048x762.jpg 2048w\" sizes=\"(max-width: 800px) 100vw, 800px\" \/>\t\t\t\t\t\t\t\t\t\t\t\t\t<\/div>\n\t\t\t\t<\/div>\n\t\t\t\t<div class=\"elementor-element elementor-element-25d007a elementor-widget elementor-widget-image\" data-id=\"25d007a\" data-element_type=\"widget\" data-widget_type=\"image.default\">\n\t\t\t\t<div class=\"elementor-widget-container\">\n\t\t\t\t\t\t\t\t\t\t\t\t\t\t<a href=\"http:\/\/adesampa.com.br\/\">\n\t\t\t\t\t\t\t<img loading=\"lazy\" decoding=\"async\" width=\"800\" height=\"298\" src=\"http:\/\/adesampa.com.br\/solucoescorona\/wp-content\/uploads\/2020\/03\/Edital-1-1024x382.jpg\" class=\"attachment-large size-large wp-image-11637\" alt=\"\" srcset=\"http:\/\/adesampa.com.br\/solucoescorona\/wp-content\/uploads\/2020\/03\/Edital-1-1024x382.jpg 1024w, http:\/\/adesampa.com.br\/solucoescorona\/wp-content\/uploads\/2020\/03\/Edital-1-300x112.jpg 300w, http:\/\/adesampa.com.br\/solucoescorona\/wp-content\/uploads\/2020\/03\/Edital-1-768x287.jpg 768w, http:\/\/adesampa.com.br\/solucoescorona\/wp-content\/uploads\/2020\/03\/Edital-1-1536x573.jpg 1536w, http:\/\/adesampa.com.br\/solucoescorona\/wp-content\/uploads\/2020\/03\/Edital-1-2048x764.jpg 2048w\" sizes=\"(max-width: 800px) 100vw, 800px\" \/>\t\t\t\t\t\t\t\t<\/a>\n\t\t\t\t\t\t\t\t\t\t\t\t\t<\/div>\n\t\t\t\t<\/div>\n\t\t\t\t\t<\/div>\n\t\t<\/div>\n\t\t\t\t\t<\/div>\n\t\t<\/section>\n\t\t\t\t<section class=\"elementor-section elementor-top-section elementor-element elementor-element-2b8b03e elementor-section-boxed elementor-section-height-default elementor-section-height-default\" data-id=\"2b8b03e\" data-element_type=\"section\">\n\t\t\t\t\t\t<div class=\"elementor-container elementor-column-gap-default\">\n\t\t\t\t\t<div class=\"elementor-column elementor-col-100 elementor-top-column elementor-element elementor-element-1db32f8\" data-id=\"1db32f8\" data-element_type=\"column\">\n\t\t\t<div class=\"elementor-widget-wrap elementor-element-populated\">\n\t\t\t\t\t\t<div class=\"elementor-element elementor-element-6546b7e elementor-widget elementor-widget-spacer\" data-id=\"6546b7e\" data-element_type=\"widget\" data-widget_type=\"spacer.default\">\n\t\t\t\t<div class=\"elementor-widget-container\">\n\t\t\t\t\t<div class=\"elementor-spacer\">\n\t\t\t<div class=\"elementor-spacer-inner\"><\/div>\n\t\t<\/div>\n\t\t\t\t<\/div>\n\t\t\t\t<\/div>\n\t\t\t\t<div class=\"elementor-element elementor-element-7f90b29 elementor-widget elementor-widget-heading\" data-id=\"7f90b29\" data-element_type=\"widget\" data-widget_type=\"heading.default\">\n\t\t\t\t<div class=\"elementor-widget-container\">\n\t\t\t<h2 class=\"elementor-heading-title elementor-size-default\">CRONOGRAMA<\/h2>\t\t<\/div>\n\t\t\t\t<\/div>\n\t\t\t\t\t<\/div>\n\t\t<\/div>\n\t\t\t\t\t<\/div>\n\t\t<\/section>\n\t\t\t\t<section class=\"elementor-section elementor-top-section elementor-element elementor-element-7c94424 elementor-section-boxed elementor-section-height-default elementor-section-height-default\" data-id=\"7c94424\" data-element_type=\"section\">\n\t\t\t\t\t\t<div class=\"elementor-container elementor-column-gap-default\">\n\t\t\t\t\t<div class=\"elementor-column elementor-col-100 elementor-top-column elementor-element elementor-element-241926f\" data-id=\"241926f\" data-element_type=\"column\">\n\t\t\t<div class=\"elementor-widget-wrap elementor-element-populated\">\n\t\t\t\t\t\t<div class=\"elementor-element elementor-element-3a43cec elementor-invisible elementor-widget elementor-widget-image\" data-id=\"3a43cec\" data-element_type=\"widget\" data-settings=\"{&quot;_animation&quot;:&quot;fadeInUp&quot;}\" data-widget_type=\"image.default\">\n\t\t\t\t<div class=\"elementor-widget-container\">\n\t\t\t\t\t\t\t\t\t\t\t\t\t<img loading=\"lazy\" decoding=\"async\" width=\"800\" height=\"554\" src=\"http:\/\/adesampa.com.br\/solucoescorona\/wp-content\/uploads\/2020\/05\/CronoCorona-1024x709.jpg\" class=\"attachment-large size-large wp-image-11681\" alt=\"\" srcset=\"http:\/\/adesampa.com.br\/solucoescorona\/wp-content\/uploads\/2020\/05\/CronoCorona-1024x709.jpg 1024w, http:\/\/adesampa.com.br\/solucoescorona\/wp-content\/uploads\/2020\/05\/CronoCorona-300x208.jpg 300w, http:\/\/adesampa.com.br\/solucoescorona\/wp-content\/uploads\/2020\/05\/CronoCorona-768x532.jpg 768w, http:\/\/adesampa.com.br\/solucoescorona\/wp-content\/uploads\/2020\/05\/CronoCorona.jpg 1366w\" sizes=\"(max-width: 800px) 100vw, 800px\" \/>\t\t\t\t\t\t\t\t\t\t\t\t\t<\/div>\n\t\t\t\t<\/div>\n\t\t\t\t\t<\/div>\n\t\t<\/div>\n\t\t\t\t\t<\/div>\n\t\t<\/section>\n\t\t\t\t<section class=\"elementor-section elementor-top-section elementor-element elementor-element-83c3ad5 elementor-section-boxed elementor-section-height-default elementor-section-height-default\" data-id=\"83c3ad5\" data-element_type=\"section\">\n\t\t\t\t\t\t<div class=\"elementor-container elementor-column-gap-default\">\n\t\t\t\t\t<div class=\"elementor-column elementor-col-100 elementor-top-column elementor-element elementor-element-f5bd5ca\" data-id=\"f5bd5ca\" data-element_type=\"column\">\n\t\t\t<div class=\"elementor-widget-wrap elementor-element-populated\">\n\t\t\t\t\t\t<div class=\"elementor-element elementor-element-f3a51b0 elementor-widget elementor-widget-image\" data-id=\"f3a51b0\" data-element_type=\"widget\" data-widget_type=\"image.default\">\n\t\t\t\t<div class=\"elementor-widget-container\">\n\t\t\t\t\t\t\t\t\t\t\t\t\t<img loading=\"lazy\" decoding=\"async\" width=\"390\" height=\"152\" src=\"http:\/\/adesampa.com.br\/solucoescorona\/wp-content\/uploads\/2020\/08\/WhatsApp-Image-2019-06-24-at-17.45.42.jpeg\" class=\"attachment-large size-large wp-image-12007\" alt=\"\" srcset=\"http:\/\/adesampa.com.br\/solucoescorona\/wp-content\/uploads\/2020\/08\/WhatsApp-Image-2019-06-24-at-17.45.42.jpeg 390w, http:\/\/adesampa.com.br\/solucoescorona\/wp-content\/uploads\/2020\/08\/WhatsApp-Image-2019-06-24-at-17.45.42-300x117.jpeg 300w\" sizes=\"(max-width: 390px) 100vw, 390px\" \/>\t\t\t\t\t\t\t\t\t\t\t\t\t<\/div>\n\t\t\t\t<\/div>\n\t\t\t\t\t<\/div>\n\t\t<\/div>\n\t\t\t\t\t<\/div>\n\t\t<\/section>\n\t\t\t\t<\/div>\n\t\t","protected":false},"excerpt":{"rendered":"<p>COMUNICADOConsiderando a alta demanda de questionamentos referente ao envio de&hellip;<\/p>\n<p> <a class=\"more-link\" href=\"http:\/\/adesampa.com.br\/solucoescorona\/\">Read more<\/a><\/p>\n","protected":false},"author":1,"featured_media":10589,"parent":0,"menu_order":0,"comment_status":"closed","ping_status":"closed","template":"","meta":{"footnotes":""},"class_list":["post-8754","page","type-page","status-publish","has-post-thumbnail"],"_links":{"self":[{"href":"http:\/\/adesampa.com.br\/solucoescorona\/wp-json\/wp\/v2\/pages\/8754"}],"collection":[{"href":"http:\/\/adesampa.com.br\/solucoescorona\/wp-json\/wp\/v2\/pages"}],"about":[{"href":"http:\/\/adesampa.com.br\/solucoescorona\/wp-json\/wp\/v2\/types\/page"}],"author":[{"embeddable":true,"href":"http:\/\/adesampa.com.br\/solucoescorona\/wp-json\/wp\/v2\/users\/1"}],"replies":[{"embeddable":true,"href":"http:\/\/adesampa.com.br\/solucoescorona\/wp-json\/wp\/v2\/comments?post=8754"}],"version-history":[{"count":64,"href":"http:\/\/adesampa.com.br\/solucoescorona\/wp-json\/wp\/v2\/pages\/8754\/revisions"}],"predecessor-version":[{"id":12008,"href":"http:\/\/adesampa.com.br\/solucoescorona\/wp-json\/wp\/v2\/pages\/8754\/revisions\/12008"}],"wp:featuredmedia":[{"embeddable":true,"href":"http:\/\/adesampa.com.br\/solucoescorona\/wp-json\/"}],"wp:attachment":[{"href":"http:\/\/adesampa.com.br\/solucoescorona\/wp-json\/wp\/v2\/media?parent=8754"}],"curies":[{"name":"wp","href":"https:\/\/api.w.org\/{rel}","templated":true}]}}